{"id":10,"date":"2024-08-06T16:09:31","date_gmt":"2024-08-06T14:09:31","guid":{"rendered":"https:\/\/mygfv.com\/?page_id=10"},"modified":"2024-08-16T17:15:09","modified_gmt":"2024-08-16T15:15:09","slug":"details-du-projet","status":"publish","type":"page","link":"https:\/\/mygfv.com\/index.php\/details-du-projet\/","title":{"rendered":"Compte MyGFV"},"content":{"rendered":"\n<div class=\"wp-block-cover alignfull\" style=\"min-height:320px;aspect-ratio:unset;\"><span aria-hidden=\"true\" class=\"wp-block-cover__background has-nv-site-bg-background-color has-background-dim-100 has-background-dim\"><\/span><div class=\"wp-block-cover__inner-container is-layout-flow wp-block-cover-is-layout-flow\">\n<div class=\"wp-block-group\" style=\"padding-right:var(--wp--preset--spacing--30);padding-left:var(--wp--preset--spacing--30)\"><div class=\"wp-block-group__inner-container is-layout-flow wp-block-group-is-layout-flow\">\n<div class=\"wp-block-columns are-vertically-aligned-center is-layout-flex wp-container-core-columns-is-layout-9d6595d7 wp-block-columns-is-layout-flex\">\n<div class=\"wp-block-column is-vertically-aligned-center is-layout-flow wp-block-column-is-layout-flow\" style=\"flex-basis:100%\">\n<div style=\"height:137px\" aria-hidden=\"true\" class=\"wp-block-spacer\"><\/div>\n\n\n\n<h1 class=\"wp-block-heading has-text-align-left has-neve-text-color-color has-text-color has-x-large-font-size\">Votre compte MyGFV<\/h1>\n\n\n\n<p class=\"has-neve-text-color-color has-text-color\" style=\"font-size:22px\">Pour permettre \u00e0 chacun des acteurs de la r\u00e9ussite du GFV d\u2019intervenir dans sa part de l\u2019\u00e9cosyst\u00e8me, Canovia a cr\u00e9\u00e9 la plateforme MyGFV .<br>Cette plateforme d\u00e9di\u00e9e est accessible gratuitement et vous permet d\u2019acc\u00e9der \u00e0 toutes les informations relatives \u00e0 vos GFV: Assembl\u00e9es G\u00e9n\u00e9rales digitales, Actualit\u00e9s du Domaine, \u00c9v\u00e9nements dans les Domaines, cession de parts sur le march\u00e9 secondaire, etc&#8230;<\/p>\n<\/div>\n<\/div>\n<\/div><\/div>\n<\/div><\/div>\n\n\n\n<div class=\"wp-block-cover alignfull\" style=\"min-height:600px;aspect-ratio:unset;\"><span aria-hidden=\"true\" class=\"wp-block-cover__background has-nv-light-bg-background-color has-background-dim-100 has-background-dim\"><\/span><div class=\"wp-block-cover__inner-container is-layout-flow wp-block-cover-is-layout-flow\">\n<div class=\"wp-block-group\"><div class=\"wp-block-group__inner-container is-layout-flow wp-block-group-is-layout-flow\"><div class=\"wp-block-image\">\n<figure class=\"aligncenter size-full\"><a href=\"https:\/\/mygfv.canovia.fr\/plateforme-gfv\/\" target=\"_blank\" rel=\"noreferrer noopener\"><img fetchpriority=\"high\" decoding=\"async\" width=\"2860\" height=\"1296\" src=\"https:\/\/mygfv.com\/wp-content\/uploads\/2024\/08\/MyGFV-connexion.png\" alt=\"\" class=\"wp-image-230\" srcset=\"https:\/\/mygfv.com\/wp-content\/uploads\/2024\/08\/MyGFV-connexion.png 2860w, https:\/\/mygfv.com\/wp-content\/uploads\/2024\/08\/MyGFV-connexion-300x136.png 300w, https:\/\/mygfv.com\/wp-content\/uploads\/2024\/08\/MyGFV-connexion-1024x464.png 1024w, https:\/\/mygfv.com\/wp-content\/uploads\/2024\/08\/MyGFV-connexion-768x348.png 768w, https:\/\/mygfv.com\/wp-content\/uploads\/2024\/08\/MyGFV-connexion-1536x696.png 1536w, https:\/\/mygfv.com\/wp-content\/uploads\/2024\/08\/MyGFV-connexion-2048x928.png 2048w\" sizes=\"(max-width: 2860px) 100vw, 2860px\" \/><\/a><\/figure>\n<\/div><\/div><\/div>\n<\/div><\/div>\n","protected":false},"excerpt":{"rendered":"","protected":false},"author":1,"featured_media":0,"parent":0,"menu_order":0,"comment_status":"closed","ping_status":"closed","template":"","meta":{"neve_meta_sidebar":"","neve_meta_container":"","neve_meta_enable_content_width":"on","neve_meta_content_width":100,"neve_meta_title_alignment":"","neve_meta_author_avatar":"","neve_post_elements_order":"","neve_meta_disable_header":"","neve_meta_disable_footer":"","neve_meta_disable_title":"on","footnotes":""},"class_list":["post-10","page","type-page","status-publish","hentry"],"_links":{"self":[{"href":"https:\/\/mygfv.com\/index.php\/wp-json\/wp\/v2\/pages\/10","targetHints":{"allow":["GET"]}}],"collection":[{"href":"https:\/\/mygfv.com\/index.php\/wp-json\/wp\/v2\/pages"}],"about":[{"href":"https:\/\/mygfv.com\/index.php\/wp-json\/wp\/v2\/types\/page"}],"author":[{"embeddable":true,"href":"https:\/\/mygfv.com\/index.php\/wp-json\/wp\/v2\/users\/1"}],"replies":[{"embeddable":true,"href":"https:\/\/mygfv.com\/index.php\/wp-json\/wp\/v2\/comments?post=10"}],"version-history":[{"count":6,"href":"https:\/\/mygfv.com\/index.php\/wp-json\/wp\/v2\/pages\/10\/revisions"}],"predecessor-version":[{"id":236,"href":"https:\/\/mygfv.com\/index.php\/wp-json\/wp\/v2\/pages\/10\/revisions\/236"}],"wp:attachment":[{"href":"https:\/\/mygfv.com\/index.php\/wp-json\/wp\/v2\/media?parent=10"}],"curies":[{"name":"wp","href":"https:\/\/api.w.org\/{rel}","templated":true}]}}